{"id":3413,"date":"2020-02-17T17:09:44","date_gmt":"2020-02-17T17:09:44","guid":{"rendered":"http:\/\/caerblaidd.com\/?page_id=3413"},"modified":"2020-06-21T12:12:04","modified_gmt":"2020-06-21T11:12:04","slug":"places-to-visit","status":"publish","type":"page","link":"https:\/\/caerblaidd.com\/cy\/places-to-visit\/","title":{"rendered":"Lleoedd i ymweld \u00e2 nhw"},"content":{"rendered":"<p style=\"font-size:22px\" class=\"has-text-color has-text-align-center has-luminous-vivid-orange-color wp-block-paragraph\"><strong>Llechwedd Slate Caverns<\/strong><\/p>\n\n\n\n<p class=\"has-text-align-center wp-block-paragraph\">Blaenau Ffestiniog, Gwynedd LL41 3NB (approx. 1 mile away)<\/p>\n\n\n\n<p class=\"has-text-align-center wp-block-paragraph\"><a href=\"http:\/\/www.llechwedd.co.uk\">www.llechwedd.co.uk<\/a><\/p>\n\n\n\n<p style=\"font-size:14px\" class=\"has-text-align-center wp-block-paragraph translation-block\">Teithio 500 troedfedd o dan y ddaear ar reilffordd gebl i lyn tanddaearol ar gyfer hamdden o antur fwyngloddio. Yn cynnwys effeithiau arbennig a thafluniadau ysgafn. Taith lori oddi ar y ffordd archwiliwr chwarel hefyd ar gael. Yn gyfeillgar i gadeiriau gwthio a chadeiriau olwyn. Mae yna fwyty ar y safle a siop anrhegion sy'n gwerthu caws yn yr ogof lechi. Mae Zip world a Bounce Below hefyd yma yn y ceudyllau llechi sy'n cynnig mwy o hwyl tanddaearol (<a href=\"http:\/\/www.zipworld.co.uk\" target=\"_self\"> www.zipworld.co.uk <\/a> dewis anturiaethau ceudyllau llechi).<\/p>\n\n\n\n<div style=\"height:45px\" aria-hidden=\"true\" class=\"wp-block-spacer\"><\/div>\n\n\n\n<p class=\"wp-block-paragraph\"><\/p>\n\n\n\n<p style=\"font-size:22px\" class=\"has-text-color has-text-align-center has-vivid-green-cyan-color wp-block-paragraph\"><strong>Sygun Copper Mine<\/strong><\/p>\n\n\n\n<p class=\"has-text-align-center wp-block-paragraph\">Beddgelert, Gwynedd LL55 4NE (approx. 6.5 miles away)<\/p>\n\n\n\n<p class=\"has-text-align-center wp-block-paragraph\"><a href=\"http:\/\/www.syguncoppermine.co.uk\">www.syguncoppermine.co.uk<\/a><\/p>\n\n\n\n<p class=\"has-text-align-center wp-block-paragraph\">Teithiau clyweledol hunan-dywysedig o'r ogof\u00e2u a'r hen weithfeydd i weld ym mywydau glowyr copr Fictoraidd. Cerddwch trwy dwneli a siambrau, gan weld ffurfiannau stalactite a stalagmite a gwythiennau mwyn copr gydag olion aur a metelau gwerthfawr eraill. Hefyd ar y safle mae maes chwarae antur a bwyty, gyda gweithgareddau fel panio am aur, canfod metel a phaentio crochenwaith.<\/p>\n\n\n\n<div style=\"height:46px\" aria-hidden=\"true\" class=\"wp-block-spacer\"><\/div>\n\n\n\n<p style=\"font-size:22px\" class=\"has-text-color has-text-align-center has-vivid-purple-color wp-block-paragraph\"><strong>Portmeirion Village<\/strong><\/p>\n\n\n\n<p class=\"has-text-align-center wp-block-paragraph\">Porthmadog, Gwynedd LL48 6ET (approx. 9.5 miles away)<\/p>\n\n\n\n<p class=\"has-text-align-center wp-block-paragraph\"><a href=\"http:\/\/www.portmeirion.wales\">www.portmeirion.wales<\/a><\/p>\n\n\n\n<p style=\"font-size:14px\" class=\"has-text-align-center wp-block-paragraph\">Archwiliwch y pentref, y gerddi a'r coedwigoedd yn y man lle ffilmiwyd The Prisoner. Caniateir picnics ac mae brasserie ar y safle. Mae'r pentref wedi'i adeiladu sy'n edrych dros aber afon Dwyryd ac ar lanw isel mae ehangder o dywod yn gwneud traeth bach tlws.<\/p>\n\n\n\n<div style=\"height:48px\" aria-hidden=\"true\" class=\"wp-block-spacer\"><\/div>\n\n\n\n<p style=\"font-size:22px\" class=\"has-text-color has-text-align-center has-vivid-red-color wp-block-paragraph\"><strong>Conwy Valley Railway Museum<\/strong><\/p>\n\n\n\n<p class=\"has-text-align-center wp-block-paragraph\">The Old Goods Yard, Betws-y-Coed, Conwy LL24 0AL (approx. 9 miles away)<\/p>\n\n\n\n<p class=\"has-text-align-center wp-block-paragraph\"><a href=\"http:\/\/www.conwyrailwaymuseum.co.uk\">www.conwyrailwaymuseum.co.uk<\/a><\/p>\n\n\n\n<p style=\"font-size:14px\" class=\"has-text-align-center wp-block-paragraph\">Edrychwch ar reilffyrdd enghreifftiol a mynd ar reid fach. Mae yna hefyd geir dodgem a chaffi ar y safle.<\/p>\n\n\n\n<div style=\"height:53px\" aria-hidden=\"true\" class=\"wp-block-spacer\"><\/div>\n\n\n\n<p style=\"font-size:22px\" class=\"has-text-color has-text-align-center has-vivid-green-cyan-color wp-block-paragraph\"><strong>National Slate Museum<\/strong><\/p>\n\n\n\n<p class=\"has-text-align-center wp-block-paragraph\">Llanberis, Gwynedd LL55 4TY (approx. 11.5 miles away)<\/p>\n\n\n\n<p class=\"has-text-align-center wp-block-paragraph\"><a href=\"http:\/\/www.museum.wales\">www.museum.wales<\/a><\/p>\n\n\n\n<p style=\"font-size:14px\" class=\"has-text-align-center wp-block-paragraph\">Gweler arddangosiadau hollti llechi a'r peiriannau a wnaeth offer. Fel arfer mae yna lawer o weithgareddau i blant yn ystod gwyliau'r haf ac ardal chwarae trwy gydol y flwyddyn. Cyfunwch ymweliad \u00e2'r amgueddfa hon gyda thaith tr\u00ean st\u00eam ar Reilffordd Llanberis Lakes.<\/p>\n\n\n\n<div style=\"height:50px\" aria-hidden=\"true\" class=\"wp-block-spacer\"><\/div>\n\n\n\n<p style=\"font-size:22px\" class=\"has-text-color has-text-align-center has-vivid-cyan-blue-color wp-block-paragraph\"><strong>Castell Harlech a Chastell Caernarfon<\/strong><\/p>\n\n\n\n<p style=\"font-size:14px\" class=\"has-text-align-center wp-block-paragraph\">Harlech, Gwynedd LL46 2YH (12 miles away) and Castle Ditch, Caernarfon, Gwynedd LL55 2AY (approx. 18 miles away)<\/p>\n\n\n\n<p class=\"has-text-align-center wp-block-paragraph\"><a href=\"http:\/\/www.cadw.gov.wales\">www.cadw.gov.wales<\/a><\/p>\n\n\n\n<p style=\"font-size:14px\" class=\"has-text-align-center wp-block-paragraph translation-block\">Adeiladwyd y ddau gastell gan Edward I ddiwedd y 13 <sup> th <\/sup> ganrif. Caniateir bwytai ar y safle a phicnic.<\/p>\n\n\n\n<div style=\"height:44px\" aria-hidden=\"true\" class=\"wp-block-spacer\"><\/div>\n\n\n\n<p style=\"font-size:22px\" class=\"has-text-color has-text-align-center has-vivid-purple-color wp-block-paragraph\"><strong>Castell Criccieth<\/strong><\/p>\n\n\n\n<p class=\"has-text-align-center wp-block-paragraph\">Castle Street, Criccieth, Gwynedd LL52 0DP (approx. 16 miles)<\/p>\n\n\n\n<p class=\"has-text-align-center wp-block-paragraph\"><a href=\"http:\/\/www.cadw.gov.wales\">www.cadw.gov.wales<\/a><\/p>\n\n\n\n<p style=\"font-size:14px\" class=\"has-text-align-center wp-block-paragraph\">Cafodd y castell hwn ei adeiladu (a'i ddinistrio ar \u00f4l iddo ddisgyn i'r Saeson) gan dywysogion Cymreig pwerus. Mae'n adfail ond mae'n cynnig golygfeydd anhygoel dros y dref a bae Aberteifi. Mae traethau arobryn o bob tu iddo.<\/p>\n\n\n\n<div style=\"height:51px\" aria-hidden=\"true\" class=\"wp-block-spacer\"><\/div>\n\n\n\n<p style=\"font-size:22px\" class=\"has-text-color has-text-align-center has-vivid-green-cyan-color wp-block-paragraph\"><strong>Llanfair Slate Caverns<\/strong><\/p>\n\n\n\n<p class=\"has-text-align-center wp-block-paragraph\">Harlech, Gwynedd LL46 2SA (approx. 13.5 miles away)<\/p>\n\n\n\n<p class=\"has-text-align-center wp-block-paragraph\"><a href=\"http:\/\/www.llanfairslatecaverns.co.uk\">www.llanfairslatecaverns.co.uk<\/a><\/p>\n\n\n\n<p style=\"font-size:14px\" class=\"has-text-align-center wp-block-paragraph\">Ewch i mewn i dwneli a cheudyllau o waith dyn a adeiladwyd dros 100 mlynedd yn \u00f4l gan olau cannwyll ac a ddaeth i'r amlwg gyda golygfa ysblennydd o Fae Aberteifi, o Fynyddoedd y Preseli i Benrhyn Lleyn. Ar lanw isel, gallwch weld sarn naturiol 14 milltir Sant Padrig. Mae yna siop sy'n arddangos casgliad o gerrig gemau a ffurfiwyd yn naturiol ac anrhegion llechi Cymreig a chaffi ar y safle. Mae Parc Plant y Fferm gerllaw.<\/p>","protected":false},"excerpt":{"rendered":"<p>Llechwedd Slate Caverns Blaenau Ffestiniog, Gwynedd LL41 3NB (approx. 1 mile away) <a href=\"http:\/\/www.llechwedd.co.uk\" rel=\"nofollow\">http:\/\/www.llechwedd.co.uk<\/a> Travel 500ft underground on a cable railway to an underground lake for a recreation of a mining adventure. Includes special effects and light projections. Quarry explorer off-road truck tour also available. Pushchair and wheelchair friendly. There is a restaurant onsite and a [&hellip;]<\/p>\n","protected":false},"author":33137607,"featured_media":1987,"parent":0,"menu_order":0,"comment_status":"closed","ping_status":"closed","template":"","meta":{"_coblocks_attr":"","_coblocks_dimensions":"","_coblocks_responsive_height":"","_coblocks_accordion_ie_support":"","_crdt_document":"","_uag_custom_page_level_css":"","_glsr_average":0,"_glsr_ranking":0,"_glsr_reviews":0,"footnotes":""},"class_list":["post-3413","page","type-page","status-publish","has-post-thumbnail","hentry"],"yoast_head":"<!-- This site is optimized with the Yoast SEO plugin v27.3 - https:\/\/yoast.com\/product\/yoast-seo-wordpress\/ -->\n<title>Places to visit - Cae&#039;r Blaidd Country House<\/title>\n<meta name=\"robots\" content=\"index, follow, max-snippet:-1, max-image-preview:large, max-video-preview:-1\" \/>\n<link rel=\"canonical\" href=\"https:\/\/caerblaidd.com\/cy\/places-to-visit\/\" \/>\n<meta property=\"og:locale\" content=\"en_US\" \/>\n<meta property=\"og:type\" content=\"article\" \/>\n<meta property=\"og:title\" content=\"Places to visit - Cae&#039;r Blaidd Country House\" \/>\n<meta property=\"og:description\" content=\"Llechwedd Slate Caverns Blaenau Ffestiniog, Gwynedd LL41 3NB (approx. 1 mile away) www.llechwedd.co.uk Travel 500ft underground on a cable railway to an underground lake for a recreation of a mining adventure. Includes special effects and light projections. Quarry explorer off-road truck tour also available. Pushchair and wheelchair friendly. There is a restaurant onsite and a [&hellip;]\" \/>\n<meta property=\"og:url\" content=\"https:\/\/caerblaidd.com\/cy\/places-to-visit\/\" \/>\n<meta property=\"og:site_name\" content=\"Cae&#039;r Blaidd Country House\" \/>\n<meta property=\"article:modified_time\" content=\"2020-06-21T11:12:04+00:00\" \/>\n<meta property=\"og:image\" content=\"https:\/\/i2.wp.com\/caerblaidd.com\/wp-content\/uploads\/2012\/08\/dolwyddelan-castle.jpg?fit=1024%2C680&ssl=1\" \/>\n\t<meta property=\"og:image:width\" content=\"1024\" \/>\n\t<meta property=\"og:image:height\" content=\"680\" \/>\n\t<meta property=\"og:image:type\" content=\"image\/jpeg\" \/>\n<meta name=\"twitter:card\" content=\"summary_large_image\" \/>\n<meta name=\"twitter:label1\" content=\"Est. reading time\" \/>\n\t<meta name=\"twitter:data1\" content=\"2 funud\" \/>\n<script type=\"application\/ld+json\" class=\"yoast-schema-graph\">{\"@context\":\"https:\\\/\\\/schema.org\",\"@graph\":[{\"@type\":\"WebPage\",\"@id\":\"https:\\\/\\\/caerblaidd.com\\\/places-to-visit\\\/\",\"url\":\"https:\\\/\\\/caerblaidd.com\\\/places-to-visit\\\/\",\"name\":\"Places to visit - Cae&#039;r Blaidd Country House\",\"isPartOf\":{\"@id\":\"https:\\\/\\\/caerblaidd.com\\\/#website\"},\"primaryImageOfPage\":{\"@id\":\"https:\\\/\\\/caerblaidd.com\\\/places-to-visit\\\/#primaryimage\"},\"image\":{\"@id\":\"https:\\\/\\\/caerblaidd.com\\\/places-to-visit\\\/#primaryimage\"},\"thumbnailUrl\":\"https:\\\/\\\/i0.wp.com\\\/caerblaidd.com\\\/wp-content\\\/uploads\\\/2012\\\/08\\\/dolwyddelan-castle.jpg?fit=1024%2C680&ssl=1\",\"datePublished\":\"2020-02-17T17:09:44+00:00\",\"dateModified\":\"2020-06-21T11:12:04+00:00\",\"breadcrumb\":{\"@id\":\"https:\\\/\\\/caerblaidd.com\\\/places-to-visit\\\/#breadcrumb\"},\"inLanguage\":\"cy\",\"potentialAction\":[{\"@type\":\"ReadAction\",\"target\":[\"https:\\\/\\\/caerblaidd.com\\\/places-to-visit\\\/\"]}]},{\"@type\":\"ImageObject\",\"inLanguage\":\"cy\",\"@id\":\"https:\\\/\\\/caerblaidd.com\\\/places-to-visit\\\/#primaryimage\",\"url\":\"https:\\\/\\\/i0.wp.com\\\/caerblaidd.com\\\/wp-content\\\/uploads\\\/2012\\\/08\\\/dolwyddelan-castle.jpg?fit=1024%2C680&ssl=1\",\"contentUrl\":\"https:\\\/\\\/i0.wp.com\\\/caerblaidd.com\\\/wp-content\\\/uploads\\\/2012\\\/08\\\/dolwyddelan-castle.jpg?fit=1024%2C680&ssl=1\",\"width\":1024,\"height\":680,\"caption\":\"Dolwyddelan Castle\"},{\"@type\":\"BreadcrumbList\",\"@id\":\"https:\\\/\\\/caerblaidd.com\\\/places-to-visit\\\/#breadcrumb\",\"itemListElement\":[{\"@type\":\"ListItem\",\"position\":1,\"name\":\"Home\",\"item\":\"https:\\\/\\\/caerblaidd.com\\\/\"},{\"@type\":\"ListItem\",\"position\":2,\"name\":\"Places to visit\"}]},{\"@type\":\"WebSite\",\"@id\":\"https:\\\/\\\/caerblaidd.com\\\/#website\",\"url\":\"https:\\\/\\\/caerblaidd.com\\\/\",\"name\":\"Cae&#039;r Blaidd Country House\",\"description\":\"Self-catered holiday accommodation and events venue.\",\"publisher\":{\"@id\":\"https:\\\/\\\/caerblaidd.com\\\/#organization\"},\"potentialAction\":[{\"@type\":\"SearchAction\",\"target\":{\"@type\":\"EntryPoint\",\"urlTemplate\":\"https:\\\/\\\/caerblaidd.com\\\/?s={search_term_string}\"},\"query-input\":{\"@type\":\"PropertyValueSpecification\",\"valueRequired\":true,\"valueName\":\"search_term_string\"}}],\"inLanguage\":\"cy\"},{\"@type\":\"Organization\",\"@id\":\"https:\\\/\\\/caerblaidd.com\\\/#organization\",\"name\":\"Cae&#039;r Blaidd Country House\",\"url\":\"https:\\\/\\\/caerblaidd.com\\\/\",\"logo\":{\"@type\":\"ImageObject\",\"inLanguage\":\"cy\",\"@id\":\"https:\\\/\\\/caerblaidd.com\\\/#\\\/schema\\\/logo\\\/image\\\/\",\"url\":\"https:\\\/\\\/i0.wp.com\\\/caerblaidd.com\\\/wp-content\\\/uploads\\\/2020\\\/06\\\/Caer-Blaidd-Country-House.png?fit=2048%2C2048&ssl=1\",\"contentUrl\":\"https:\\\/\\\/i0.wp.com\\\/caerblaidd.com\\\/wp-content\\\/uploads\\\/2020\\\/06\\\/Caer-Blaidd-Country-House.png?fit=2048%2C2048&ssl=1\",\"width\":2048,\"height\":2048,\"caption\":\"Cae&#039;r Blaidd Country House\"},\"image\":{\"@id\":\"https:\\\/\\\/caerblaidd.com\\\/#\\\/schema\\\/logo\\\/image\\\/\"}}]}<\/script>\n<!-- \/ Yoast SEO plugin. -->","yoast_head_json":{"title":"Places to visit - Cae&#039;r Blaidd Country House","robots":{"index":"index","follow":"follow","max-snippet":"max-snippet:-1","max-image-preview":"max-image-preview:large","max-video-preview":"max-video-preview:-1"},"canonical":"https:\/\/caerblaidd.com\/cy\/places-to-visit\/","og_locale":"en_US","og_type":"article","og_title":"Places to visit - Cae&#039;r Blaidd Country House","og_description":"Llechwedd Slate Caverns Blaenau Ffestiniog, Gwynedd LL41 3NB (approx. 1 mile away) www.llechwedd.co.uk Travel 500ft underground on a cable railway to an underground lake for a recreation of a mining adventure. Includes special effects and light projections. Quarry explorer off-road truck tour also available. Pushchair and wheelchair friendly. There is a restaurant onsite and a [&hellip;]","og_url":"https:\/\/caerblaidd.com\/cy\/places-to-visit\/","og_site_name":"Cae&#039;r Blaidd Country House","article_modified_time":"2020-06-21T11:12:04+00:00","og_image":[{"width":1024,"height":680,"url":"https:\/\/i2.wp.com\/caerblaidd.com\/wp-content\/uploads\/2012\/08\/dolwyddelan-castle.jpg?fit=1024%2C680&ssl=1","type":"image\/jpeg"}],"twitter_card":"summary_large_image","twitter_misc":{"Est. reading time":"2 funud"},"schema":{"@context":"https:\/\/schema.org","@graph":[{"@type":"WebPage","@id":"https:\/\/caerblaidd.com\/places-to-visit\/","url":"https:\/\/caerblaidd.com\/places-to-visit\/","name":"Places to visit - Cae&#039;r Blaidd Country House","isPartOf":{"@id":"https:\/\/caerblaidd.com\/#website"},"primaryImageOfPage":{"@id":"https:\/\/caerblaidd.com\/places-to-visit\/#primaryimage"},"image":{"@id":"https:\/\/caerblaidd.com\/places-to-visit\/#primaryimage"},"thumbnailUrl":"https:\/\/i0.wp.com\/caerblaidd.com\/wp-content\/uploads\/2012\/08\/dolwyddelan-castle.jpg?fit=1024%2C680&ssl=1","datePublished":"2020-02-17T17:09:44+00:00","dateModified":"2020-06-21T11:12:04+00:00","breadcrumb":{"@id":"https:\/\/caerblaidd.com\/places-to-visit\/#breadcrumb"},"inLanguage":"cy","potentialAction":[{"@type":"ReadAction","target":["https:\/\/caerblaidd.com\/places-to-visit\/"]}]},{"@type":"ImageObject","inLanguage":"cy","@id":"https:\/\/caerblaidd.com\/places-to-visit\/#primaryimage","url":"https:\/\/i0.wp.com\/caerblaidd.com\/wp-content\/uploads\/2012\/08\/dolwyddelan-castle.jpg?fit=1024%2C680&ssl=1","contentUrl":"https:\/\/i0.wp.com\/caerblaidd.com\/wp-content\/uploads\/2012\/08\/dolwyddelan-castle.jpg?fit=1024%2C680&ssl=1","width":1024,"height":680,"caption":"Dolwyddelan Castle"},{"@type":"BreadcrumbList","@id":"https:\/\/caerblaidd.com\/places-to-visit\/#breadcrumb","itemListElement":[{"@type":"ListItem","position":1,"name":"Home","item":"https:\/\/caerblaidd.com\/"},{"@type":"ListItem","position":2,"name":"Places to visit"}]},{"@type":"WebSite","@id":"https:\/\/caerblaidd.com\/#website","url":"https:\/\/caerblaidd.com\/","name":"Plasty Cae'r Blaidd","description":"Self-catered holiday accommodation and events venue.","publisher":{"@id":"https:\/\/caerblaidd.com\/#organization"},"potentialAction":[{"@type":"SearchAction","target":{"@type":"EntryPoint","urlTemplate":"https:\/\/caerblaidd.com\/?s={search_term_string}"},"query-input":{"@type":"PropertyValueSpecification","valueRequired":true,"valueName":"search_term_string"}}],"inLanguage":"cy"},{"@type":"Organization","@id":"https:\/\/caerblaidd.com\/#organization","name":"Plasty Cae'r Blaidd","url":"https:\/\/caerblaidd.com\/","logo":{"@type":"ImageObject","inLanguage":"cy","@id":"https:\/\/caerblaidd.com\/#\/schema\/logo\/image\/","url":"https:\/\/i0.wp.com\/caerblaidd.com\/wp-content\/uploads\/2020\/06\/Caer-Blaidd-Country-House.png?fit=2048%2C2048&ssl=1","contentUrl":"https:\/\/i0.wp.com\/caerblaidd.com\/wp-content\/uploads\/2020\/06\/Caer-Blaidd-Country-House.png?fit=2048%2C2048&ssl=1","width":2048,"height":2048,"caption":"Cae&#039;r Blaidd Country House"},"image":{"@id":"https:\/\/caerblaidd.com\/#\/schema\/logo\/image\/"}}]}},"uagb_featured_image_src":{"full":["https:\/\/i0.wp.com\/caerblaidd.com\/wp-content\/uploads\/2012\/08\/dolwyddelan-castle.jpg?fit=1024%2C680&ssl=1",1024,680,false],"thumbnail":["https:\/\/i0.wp.com\/caerblaidd.com\/wp-content\/uploads\/2012\/08\/dolwyddelan-castle.jpg?fit=150%2C100&ssl=1",150,100,true],"medium":["https:\/\/i0.wp.com\/caerblaidd.com\/wp-content\/uploads\/2012\/08\/dolwyddelan-castle.jpg?fit=300%2C199&ssl=1",300,199,true],"medium_large":["https:\/\/i0.wp.com\/caerblaidd.com\/wp-content\/uploads\/2012\/08\/dolwyddelan-castle.jpg?fit=640%2C425&ssl=1",640,425,true],"large":["https:\/\/i0.wp.com\/caerblaidd.com\/wp-content\/uploads\/2012\/08\/dolwyddelan-castle.jpg?fit=640%2C425&ssl=1",640,425,true],"1536x1536":["https:\/\/i0.wp.com\/caerblaidd.com\/wp-content\/uploads\/2012\/08\/dolwyddelan-castle.jpg?fit=1024%2C680&ssl=1",1024,680,true],"2048x2048":["https:\/\/i0.wp.com\/caerblaidd.com\/wp-content\/uploads\/2012\/08\/dolwyddelan-castle.jpg?fit=1024%2C680&ssl=1",1024,680,true],"trp-custom-language-flag":["https:\/\/i0.wp.com\/caerblaidd.com\/wp-content\/uploads\/2012\/08\/dolwyddelan-castle.jpg?fit=18%2C12&ssl=1",18,12,true],"newspack-article-block-landscape-large":["https:\/\/i0.wp.com\/caerblaidd.com\/wp-content\/uploads\/2012\/08\/dolwyddelan-castle.jpg?resize=1024%2C680&ssl=1",1024,680,true],"newspack-article-block-portrait-large":["https:\/\/i0.wp.com\/caerblaidd.com\/wp-content\/uploads\/2012\/08\/dolwyddelan-castle.jpg?resize=900%2C680&ssl=1",900,680,true],"newspack-article-block-square-large":["https:\/\/i0.wp.com\/caerblaidd.com\/wp-content\/uploads\/2012\/08\/dolwyddelan-castle.jpg?resize=1024%2C680&ssl=1",1024,680,true],"newspack-article-block-landscape-medium":["https:\/\/i0.wp.com\/caerblaidd.com\/wp-content\/uploads\/2012\/08\/dolwyddelan-castle.jpg?resize=800%2C600&ssl=1",800,600,true],"newspack-article-block-portrait-medium":["https:\/\/i0.wp.com\/caerblaidd.com\/wp-content\/uploads\/2012\/08\/dolwyddelan-castle.jpg?resize=600%2C680&ssl=1",600,680,true],"newspack-article-block-square-medium":["https:\/\/i0.wp.com\/caerblaidd.com\/wp-content\/uploads\/2012\/08\/dolwyddelan-castle.jpg?resize=800%2C680&ssl=1",800,680,true],"newspack-article-block-landscape-intermediate":["https:\/\/i0.wp.com\/caerblaidd.com\/wp-content\/uploads\/2012\/08\/dolwyddelan-castle.jpg?resize=600%2C450&ssl=1",600,450,true],"newspack-article-block-portrait-intermediate":["https:\/\/i0.wp.com\/caerblaidd.com\/wp-content\/uploads\/2012\/08\/dolwyddelan-castle.jpg?resize=450%2C600&ssl=1",450,600,true],"newspack-article-block-square-intermediate":["https:\/\/i0.wp.com\/caerblaidd.com\/wp-content\/uploads\/2012\/08\/dolwyddelan-castle.jpg?resize=600%2C600&ssl=1",600,600,true],"newspack-article-block-landscape-small":["https:\/\/i0.wp.com\/caerblaidd.com\/wp-content\/uploads\/2012\/08\/dolwyddelan-castle.jpg?resize=400%2C300&ssl=1",400,300,true],"newspack-article-block-portrait-small":["https:\/\/i0.wp.com\/caerblaidd.com\/wp-content\/uploads\/2012\/08\/dolwyddelan-castle.jpg?resize=300%2C400&ssl=1",300,400,true],"newspack-article-block-square-small":["https:\/\/i0.wp.com\/caerblaidd.com\/wp-content\/uploads\/2012\/08\/dolwyddelan-castle.jpg?resize=400%2C400&ssl=1",400,400,true],"newspack-article-block-landscape-tiny":["https:\/\/i0.wp.com\/caerblaidd.com\/wp-content\/uploads\/2012\/08\/dolwyddelan-castle.jpg?resize=200%2C150&ssl=1",200,150,true],"newspack-article-block-portrait-tiny":["https:\/\/i0.wp.com\/caerblaidd.com\/wp-content\/uploads\/2012\/08\/dolwyddelan-castle.jpg?resize=150%2C200&ssl=1",150,200,true],"newspack-article-block-square-tiny":["https:\/\/i0.wp.com\/caerblaidd.com\/wp-content\/uploads\/2012\/08\/dolwyddelan-castle.jpg?resize=200%2C200&ssl=1",200,200,true],"newspack-article-block-uncropped":["https:\/\/i0.wp.com\/caerblaidd.com\/wp-content\/uploads\/2012\/08\/dolwyddelan-castle.jpg?fit=1024%2C680&ssl=1",1024,680,true],"vw-hotel-homepage-thumb":["https:\/\/i0.wp.com\/caerblaidd.com\/wp-content\/uploads\/2012\/08\/dolwyddelan-castle.jpg?resize=240%2C145&ssl=1",240,145,true]},"uagb_author_info":{"display_name":"caerblaidd","author_link":"https:\/\/caerblaidd.com\/cy\/author\/caerblaidd\/"},"uagb_comment_info":0,"uagb_excerpt":"Llechwedd Slate Caverns Blaenau Ffestiniog, Gwynedd LL41 3NB (approx. 1 mile away) www.llechwedd.co.uk Travel 500ft underground on a cable railway to an underground lake for a recreation of a mining adventure. Includes special effects and light projections. Quarry explorer off-road truck tour also available. Pushchair and wheelchair friendly. There is a restaurant onsite and a&hellip;","jetpack_likes_enabled":true,"jetpack_sharing_enabled":true,"jetpack_shortlink":"https:\/\/wp.me\/P2eLwX-T3","jetpack-related-posts":[],"amp_enabled":true,"_links":{"self":[{"href":"https:\/\/caerblaidd.com\/cy\/wp-json\/wp\/v2\/pages\/3413","targetHints":{"allow":["GET"]}}],"collection":[{"href":"https:\/\/caerblaidd.com\/cy\/wp-json\/wp\/v2\/pages"}],"about":[{"href":"https:\/\/caerblaidd.com\/cy\/wp-json\/wp\/v2\/types\/page"}],"author":[{"embeddable":true,"href":"https:\/\/caerblaidd.com\/cy\/wp-json\/wp\/v2\/users\/33137607"}],"replies":[{"embeddable":true,"href":"https:\/\/caerblaidd.com\/cy\/wp-json\/wp\/v2\/comments?post=3413"}],"version-history":[{"count":6,"href":"https:\/\/caerblaidd.com\/cy\/wp-json\/wp\/v2\/pages\/3413\/revisions"}],"predecessor-version":[{"id":4288,"href":"https:\/\/caerblaidd.com\/cy\/wp-json\/wp\/v2\/pages\/3413\/revisions\/4288"}],"wp:featuredmedia":[{"embeddable":true,"href":"https:\/\/caerblaidd.com\/cy\/wp-json\/wp\/v2\/media\/1987"}],"wp:attachment":[{"href":"https:\/\/caerblaidd.com\/cy\/wp-json\/wp\/v2\/media?parent=3413"}],"curies":[{"name":"wp","href":"https:\/\/api.w.org\/{rel}","templated":true}]}}